{"id":251,"date":"2024-04-19T11:59:37","date_gmt":"2024-04-19T09:59:37","guid":{"rendered":"https:\/\/scanwell.astrotea.pl\/?page_id=251"},"modified":"2024-04-27T13:10:27","modified_gmt":"2024-04-27T11:10:27","slug":"project-management","status":"publish","type":"page","link":"https:\/\/scanwell.pl\/en\/project-management\/","title":{"rendered":"Project Management"},"content":{"rendered":"<div data-elementor-type=\"wp-page\" data-elementor-id=\"251\" class=\"elementor elementor-251\" data-elementor-post-type=\"page\">\n\t\t\t\t<div class=\"elementor-element elementor-element-f53709d kont-64x64 e-flex e-con-boxed e-con e-parent\" data-id=\"f53709d\" data-element_type=\"container\" data-e-type=\"container\">\n\t\t\t\t\t<div class=\"e-con-inner\">\n\t\t\t\t<div class=\"elementor-element elementor-element-b1797fd elementor-widget elementor-widget-heading\" data-id=\"b1797fd\" data-element_type=\"widget\" data-e-type=\"widget\" data-widget_type=\"heading.default\">\n\t\t\t\t<div class=\"elementor-widget-container\">\n\t\t\t\t\t<h2 class=\"elementor-heading-title elementor-size-default\">PROJECT MANAGEMENT<\/h2>\t\t\t\t<\/div>\n\t\t\t\t<\/div>\n\t\t\t\t<div class=\"elementor-element elementor-element-605ad44 elementor-widget elementor-widget-heading\" data-id=\"605ad44\" data-element_type=\"widget\" data-e-type=\"widget\" data-widget_type=\"heading.default\">\n\t\t\t\t<div class=\"elementor-widget-container\">\n\t\t\t\t\t<h1 class=\"elementor-heading-title elementor-size-default\">Project Management<\/h1>\t\t\t\t<\/div>\n\t\t\t\t<\/div>\n\t\t\t\t<div class=\"elementor-element elementor-element-bd0002d elementor-widget__width-initial elementor-widget elementor-widget-text-editor\" data-id=\"bd0002d\" data-element_type=\"widget\" data-e-type=\"widget\" data-widget_type=\"text-editor.default\">\n\t\t\t\t<div class=\"elementor-widget-container\">\n\t\t\t\t\t\t\t\t\t<p>The Project Management service is the basis for comprehensive project\/process management from the early stages of analysis and planning to the overall coordination and implementation of the investment\/project.<\/p>\t\t\t\t\t\t\t\t<\/div>\n\t\t\t\t<\/div>\n\t\t<div class=\"elementor-element elementor-element-7037bd5 e-flex e-con-boxed e-con e-child\" data-id=\"7037bd5\" data-element_type=\"container\" data-e-type=\"container\">\n\t\t\t\t\t<div class=\"e-con-inner\">\n\t\t<div class=\"elementor-element elementor-element-760a6b7 e-con-full box-40x40 e-flex e-con e-child\" data-id=\"760a6b7\" data-element_type=\"container\" data-e-type=\"container\">\n\t\t\t\t<div class=\"elementor-element elementor-element-4245248 elementor-widget__width-initial elementor-view-default elementor-invisible elementor-widget elementor-widget-icon\" data-id=\"4245248\" data-element_type=\"widget\" data-e-type=\"widget\" data-settings=\"{&quot;_animation&quot;:&quot;zoomIn&quot;}\" data-widget_type=\"icon.default\">\n\t\t\t\t<div class=\"elementor-widget-container\">\n\t\t\t\t\t\t\t<div class=\"elementor-icon-wrapper\">\n\t\t\t<div class=\"elementor-icon\">\n\t\t\t<svg xmlns=\"http:\/\/www.w3.org\/2000\/svg\" width=\"60\" height=\"70\" viewbox=\"0 0 60 70\" fill=\"none\"><path fill-rule=\"evenodd\" clip-rule=\"evenodd\" d=\"M0.763195 16.8951C0.506901 17.033 0.252477 17.1747 0 17.3205C0 17.6124 0.00377227 17.9033 0.0112637 18.193C0.162147 24.0287 1.82171 29.4152 4.55566 34.1864C4.69691 34.4329 4.84103 34.6777 4.98796 34.9209C4.84208 35.165 4.699 35.4103 4.55877 35.6567C1.82354 40.4636 0.175284 45.7151 0.0131948 51.0879C0.00441938 51.3788 0 51.67 0 51.9615C0.252478 52.1073 0.506902 52.2491 0.763197 52.3869C5.60009 54.9883 11.1032 56.1827 16.7607 56.1665C17.0422 56.1657 17.3242 56.1619 17.6064 56.1552C17.7415 56.4031 17.879 56.6493 18.0189 56.8936C20.8256 61.7953 24.5981 65.9559 29.25 68.8337C29.4975 68.9868 29.7475 69.1363 30 69.282C30.2525 69.1363 30.5025 68.9868 30.75 68.8338C35.4213 65.9456 39.2073 61.777 42.022 56.8694C42.1621 56.6251 42.2997 56.3791 42.435 56.1312C42.7173 56.1382 42.9992 56.1422 43.2807 56.1432C48.9291 56.1634 54.4185 54.9767 59.2367 52.3869C59.4931 52.2491 59.7475 52.1073 60 51.9615C60 51.6696 59.9963 51.3788 59.9888 51.089C59.8418 45.371 58.2545 40.0853 55.6314 35.387C55.4917 35.1367 55.3489 34.888 55.2034 34.641C55.3489 34.394 55.4917 34.1453 55.6314 33.895C58.2545 29.1967 59.8418 23.911 59.9888 18.193C59.9963 17.9033 60 17.6124 60 17.3205C59.7472 17.1745 59.4934 17.0324 59.2388 16.894C54.2134 14.1623 48.8422 12.8941 43.4618 12.8166C43.1751 12.8124 42.8884 12.8117 42.6017 12.8143C42.4606 12.5647 42.3166 12.3168 42.1696 12.0705C39.4123 7.44975 35.6284 3.43224 30.75 0.445944C30.5028 0.29463 30.2528 0.145963 30 0C29.7472 0.145968 29.4972 0.29466 29.25 0.446019C24.2716 3.49452 20.4365 7.625 17.6716 12.3783C17.5287 12.6238 17.3887 12.8711 17.2516 13.1199C16.9673 13.1156 16.6833 13.1143 16.3998 13.1161C10.8693 13.1508 5.49718 14.3491 0.763195 16.8951ZM15.6296 14.629C10.9125 14.7564 6.36843 15.7755 2.30665 17.7862L12.5129 23.6788C13.2127 20.5454 14.2465 17.5 15.6296 14.629ZM11.9598 25.0915L1.54812 19.0803C1.81908 24.0188 3.22298 28.612 5.47313 32.7526C7.31358 30.0012 9.50289 27.4263 11.9598 25.0915ZM6.27214 34.2708C7.85745 31.7942 9.73918 29.4524 11.8571 27.2961C11.145 32.3685 11.2622 37.588 12.1524 42.6132C9.92193 40.4793 7.93769 38.1188 6.27517 35.5622L6.27214 34.2708ZM5.4839 37.0801C3.23566 41.2289 1.84624 45.6738 1.55665 50.1968L11.7629 44.3042C9.39925 42.1314 7.27874 39.7134 5.4839 37.0801ZM12.7465 45.4683L2.30665 51.4958C6.47402 53.5587 11.1491 54.578 15.9977 54.6612C14.6017 51.7648 13.5136 48.6693 12.7465 45.4683ZM17.707 54.7345C16.4297 52.2132 15.3964 49.5191 14.6195 46.7211C18.5369 49.772 22.9623 52.2167 27.6008 53.944C24.6834 54.7196 21.7209 55.2 18.7869 55.3585L17.707 54.7345ZM19.7041 56.8028C22.1922 60.9531 25.399 64.4834 29.25 67.051V55.039C26.1084 55.9672 22.8977 56.5667 19.7041 56.8028ZM30.75 54.9966V67.0516C34.6203 64.474 37.8405 60.9348 40.3368 56.7775C37.1305 56.5382 33.9057 55.9328 30.75 54.9966ZM41.255 55.3338C38.3536 55.175 35.4232 54.7015 32.5352 53.9393C37.1381 52.2144 41.5269 49.781 45.4136 46.748C44.6376 49.5271 43.6075 52.2038 42.3354 54.7106L41.255 55.3338ZM44.0448 54.6384C48.883 54.5588 53.5438 53.5468 57.6929 51.4955L47.2902 45.4895C46.5233 48.6743 45.4371 51.7546 44.0448 54.6384ZM48.2716 44.3241L58.4522 50.2019C58.1894 45.3832 56.8542 40.8947 54.7109 36.8349C52.8841 39.5713 50.7075 42.0787 48.2716 44.3241ZM53.9111 35.3149C52.2216 37.9712 50.1867 40.419 47.8891 42.6246C48.8078 37.4601 48.9066 32.0904 48.1249 26.8856C50.326 29.0314 52.2796 31.402 53.9111 33.9671V35.3149ZM54.7109 32.4472C56.8542 28.3874 58.1894 23.8988 58.4522 19.0802L48.2716 24.9579C50.7075 27.2033 52.8841 29.7107 54.7109 32.4472ZM47.5216 23.6589L57.7022 17.7811C53.3977 15.5994 48.8429 14.5114 44.2554 14.3377C45.7118 17.288 46.795 20.4266 47.5216 23.6589ZM42.5392 14.2703C43.9448 16.9658 45.021 19.8429 45.7789 22.8221C41.6622 19.5427 36.9625 16.9435 32.0306 15.1568C35.0895 14.2699 38.2267 13.7315 41.372 13.5964L42.5392 14.2703ZM40.4555 12.1439C38.0113 8.25779 34.7917 4.85721 30.75 2.22029V13.9758C33.9125 12.9889 37.1723 12.3576 40.4555 12.1439ZM29.25 14.243V2.22063C25.1086 4.92453 21.8327 8.43696 19.3719 12.4559C22.675 12.6741 25.9996 13.2826 29.25 14.243ZM18.4566 13.907C21.3716 14.0406 24.3174 14.4933 27.2219 15.239C22.5045 17.148 18.073 19.8398 14.1894 23.1001C14.9214 20.1266 15.9679 17.2521 17.3398 14.5553L18.4566 13.907ZM14.4875 24.8188L29.25 33.342V16.066C23.8615 18.0296 18.8039 21.0569 14.4875 24.8188ZM30.75 16.2957V33.342L45.7114 24.704C41.3168 21.0193 36.1662 18.1529 30.75 16.2957ZM46.4614 26.003L31.5 34.641L46.2625 43.1641C47.3622 37.5449 47.4551 31.6513 46.4614 26.003ZM45.7114 44.578L30.75 35.9401V52.9863C36.1661 51.1291 41.3167 48.2628 45.7114 44.578ZM29.25 52.9416V35.9401L14.3256 44.5567C18.713 48.2258 23.8504 51.0839 29.25 52.9416ZM13.7763 43.1418L28.5 34.641L13.5756 26.0244C12.5918 31.6586 12.6853 37.5367 13.7763 43.1418Z\" fill=\"#3333FF\"><\/path><\/svg>\t\t\t<\/div>\n\t\t<\/div>\n\t\t\t\t\t\t<\/div>\n\t\t\t\t<\/div>\n\t\t\t\t<div class=\"elementor-element elementor-element-442200e elementor-widget__width-initial elementor-widget elementor-widget-heading\" data-id=\"442200e\" data-element_type=\"widget\" data-e-type=\"widget\" data-widget_type=\"heading.default\">\n\t\t\t\t<div class=\"elementor-widget-container\">\n\t\t\t\t\t<h3 class=\"elementor-heading-title elementor-size-default\">Comprehensive measures<\/h3>\t\t\t\t<\/div>\n\t\t\t\t<\/div>\n\t\t\t\t<div class=\"elementor-element elementor-element-bc16917 elementor-widget elementor-widget-text-editor\" data-id=\"bc16917\" data-element_type=\"widget\" data-e-type=\"widget\" data-widget_type=\"text-editor.default\">\n\t\t\t\t<div class=\"elementor-widget-container\">\n\t\t\t\t\t\t\t\t\t<p>Our role includes all necessary analysis and legal and project paperwork, schedule development, risk management and potential cost optimizations.<\/p><p>We organize a bidding competition for the necessary subcontractors, and then coordinate their activities.<\/p>\t\t\t\t\t\t\t\t<\/div>\n\t\t\t\t<\/div>\n\t\t\t\t<\/div>\n\t\t<div class=\"elementor-element elementor-element-9d15b4c e-con-full box-40x40 e-flex e-con e-child\" data-id=\"9d15b4c\" data-element_type=\"container\" data-e-type=\"container\">\n\t\t\t\t<div class=\"elementor-element elementor-element-44f26ac elementor-widget__width-initial elementor-view-default elementor-invisible elementor-widget elementor-widget-icon\" data-id=\"44f26ac\" data-element_type=\"widget\" data-e-type=\"widget\" data-settings=\"{&quot;_animation&quot;:&quot;zoomIn&quot;}\" data-widget_type=\"icon.default\">\n\t\t\t\t<div class=\"elementor-widget-container\">\n\t\t\t\t\t\t\t<div class=\"elementor-icon-wrapper\">\n\t\t\t<div class=\"elementor-icon\">\n\t\t\t<svg xmlns=\"http:\/\/www.w3.org\/2000\/svg\" width=\"60\" height=\"70\" viewbox=\"0 0 60 70\" fill=\"none\"><path fill-rule=\"evenodd\" clip-rule=\"evenodd\" d=\"M30 0.281982L0 17.6025V52.2435L30 69.564L60 52.2435V17.6025L30 0.281982ZM57.75 18.0355L30.75 2.44705V17.1695L45 25.3967L57.75 18.0355ZM44.25 26.6958L30 18.4685L15.75 26.6958V43.1502L30 51.3775L44.25 43.1502V26.6958ZM45 44.4493L30.75 52.6765V67.3989L57.75 51.8105L45 44.4493ZM58.5 50.5115L45.75 43.1502V26.6958L58.5 19.3345V50.5115ZM29.25 67.3989V52.6765L15 44.4493L2.25 51.8105L29.25 67.3989ZM1.5 50.5115L14.25 43.1502V26.6958L1.5 19.3345V50.5115ZM2.25 18.0355L15 25.3967L29.25 17.1695V2.44705L2.25 18.0355Z\" fill=\"#3333FF\"><\/path><\/svg>\t\t\t<\/div>\n\t\t<\/div>\n\t\t\t\t\t\t<\/div>\n\t\t\t\t<\/div>\n\t\t\t\t<div class=\"elementor-element elementor-element-300dc1d elementor-widget elementor-widget-heading\" data-id=\"300dc1d\" data-element_type=\"widget\" data-e-type=\"widget\" data-widget_type=\"heading.default\">\n\t\t\t\t<div class=\"elementor-widget-container\">\n\t\t\t\t\t<h3 class=\"elementor-heading-title elementor-size-default\">Assumption of responsibility<\/h3>\t\t\t\t<\/div>\n\t\t\t\t<\/div>\n\t\t\t\t<div class=\"elementor-element elementor-element-d2095f4 elementor-widget elementor-widget-text-editor\" data-id=\"d2095f4\" data-element_type=\"widget\" data-e-type=\"widget\" data-widget_type=\"text-editor.default\">\n\t\t\t\t<div class=\"elementor-widget-container\">\n\t\t\t\t\t\t\t\t\tWe take over from the investor the responsibility for control and monitoring of the work. We regularly report on the progress of the work, identify and resolve any difficulties and design and execution risks.\t\t\t\t\t\t\t\t<\/div>\n\t\t\t\t<\/div>\n\t\t\t\t<\/div>\n\t\t<div class=\"elementor-element elementor-element-5063d36 e-con-full box-40x40 e-flex e-con e-child\" data-id=\"5063d36\" data-element_type=\"container\" data-e-type=\"container\">\n\t\t\t\t<div class=\"elementor-element elementor-element-4eb3079 elementor-widget__width-initial elementor-view-default elementor-invisible elementor-widget elementor-widget-icon\" data-id=\"4eb3079\" data-element_type=\"widget\" data-e-type=\"widget\" data-settings=\"{&quot;_animation&quot;:&quot;zoomIn&quot;}\" data-widget_type=\"icon.default\">\n\t\t\t\t<div class=\"elementor-widget-container\">\n\t\t\t\t\t\t\t<div class=\"elementor-icon-wrapper\">\n\t\t\t<div class=\"elementor-icon\">\n\t\t\t<svg xmlns=\"http:\/\/www.w3.org\/2000\/svg\" width=\"60\" height=\"70\" viewbox=\"0 0 60 70\" fill=\"none\"><path fill-rule=\"evenodd\" clip-rule=\"evenodd\" d=\"M30 0L0 17.3205V51.9615L30 69.282L60 51.9615V17.3205L30 0ZM43.6005 9.58429L30.75 2.16506V31.842L43.6005 9.58429ZM29.25 31.842V2.16506L16.3995 9.58429L29.25 31.842ZM15.1005 10.3343L2.25 17.7535L27.951 32.592L15.1005 10.3343ZM27.201 33.891L1.5 19.0526V33.891H27.201ZM1.5 35.391V50.2295L27.201 35.391H1.5ZM27.951 36.6901L2.25 51.5285L15.1005 58.9477L27.951 36.6901ZM16.3995 59.6977L29.25 67.117V37.4401L16.3995 59.6977ZM30.75 37.4401V67.117L43.6005 59.6977L30.75 37.4401ZM44.8995 58.9477L57.75 51.5285L32.049 36.6901L44.8995 58.9477ZM32.799 35.391L58.5 50.2295V35.391H32.799ZM58.5 33.891V19.0526L32.799 33.891H58.5ZM32.049 32.592L57.75 17.7535L44.8995 10.3343L32.049 32.592Z\" fill=\"#3333FF\"><\/path><\/svg>\t\t\t<\/div>\n\t\t<\/div>\n\t\t\t\t\t\t<\/div>\n\t\t\t\t<\/div>\n\t\t\t\t<div class=\"elementor-element elementor-element-5d7e2c8 elementor-widget elementor-widget-heading\" data-id=\"5d7e2c8\" data-element_type=\"widget\" data-e-type=\"widget\" data-widget_type=\"heading.default\">\n\t\t\t\t<div class=\"elementor-widget-container\">\n\t\t\t\t\t<h3 class=\"elementor-heading-title elementor-size-default\">Implementation of the project in accordance with the guidelines<\/h3>\t\t\t\t<\/div>\n\t\t\t\t<\/div>\n\t\t\t\t<div class=\"elementor-element elementor-element-803fe12 elementor-widget elementor-widget-text-editor\" data-id=\"803fe12\" data-element_type=\"widget\" data-e-type=\"widget\" data-widget_type=\"text-editor.default\">\n\t\t\t\t<div class=\"elementor-widget-container\">\n\t\t\t\t\t\t\t\t\tWith our experience and commitment, we ensure that the entire life cycle of the design and investment process runs smoothly and in accordance with the established criteria.\t\t\t\t\t\t\t\t<\/div>\n\t\t\t\t<\/div>\n\t\t\t\t<\/div>\n\t\t\t\t\t<\/div>\n\t\t\t\t<\/div>\n\t\t\t\t\t<\/div>\n\t\t\t\t<\/div>\n\t\t\t\t<\/div>","protected":false},"excerpt":{"rendered":"<p>ZARZ\u0104DZANIE PROJEKTEM Project Management Us\u0142uga Project Management jest podstaw\u0105 do kompleksowego zarz\u0105dzania projektem\/procesem od wczesnego etapu analiz i planowania po ca\u0142o\u015bciow\u0105 koordynacj\u0119 i realizacj\u0119 inwestycji\/projektu. Kompleksowe dzia\u0142ania Nasza rola obejmuje wszelkie niezb\u0119dne analizy i formalno\u015bci prawno-projektowe, opracowanie harmonogramu, zarz\u0105dzanie ryzykiem i potencjalne optymalizacje kosztowe. Organizujemy konkurs ofert na niezb\u0119dnych podwykonawc\u00f3w, a nast\u0119pnie koordynujemy ich dzia\u0142ania. [&hellip;]<\/p>","protected":false},"author":1,"featured_media":534,"parent":0,"menu_order":6,"comment_status":"closed","ping_status":"closed","template":"","meta":{"_acf_changed":false,"footnotes":""},"class_list":["post-251","page","type-page","status-publish","has-post-thumbnail","hentry"],"acf":[],"yoast_head":"<!-- This site is optimized with the Yoast SEO plugin v27.4 - https:\/\/yoast.com\/product\/yoast-seo-wordpress\/ -->\n<title>Zarz\u0105dzanie projektami<\/title>\n<meta name=\"description\" content=\"Realizujemy niezb\u0119dne analizy, formalno\u015bci prawno-projektowe, koordynujemy harmonogramy, zarz\u0105dzamy ryzykiem i przeprowadzamy optymalizacje kosztowe.\" \/>\n<meta name=\"robots\" content=\"index, follow, max-snippet:-1, max-image-preview:large, max-video-preview:-1\" \/>\n<link rel=\"canonical\" href=\"https:\/\/scanwell.pl\/en\/project-management\/\" \/>\n<meta property=\"og:locale\" content=\"en_US\" \/>\n<meta property=\"og:type\" content=\"article\" \/>\n<meta property=\"og:title\" content=\"Zarz\u0105dzanie projektami\" \/>\n<meta property=\"og:description\" content=\"Realizujemy niezb\u0119dne analizy, formalno\u015bci prawno-projektowe, koordynujemy harmonogramy, zarz\u0105dzamy ryzykiem i przeprowadzamy optymalizacje kosztowe.\" \/>\n<meta property=\"og:url\" content=\"https:\/\/scanwell.pl\/en\/project-management\/\" \/>\n<meta property=\"og:site_name\" content=\"Scanwell\" \/>\n<meta property=\"article:modified_time\" content=\"2024-04-27T11:10:27+00:00\" \/>\n<meta property=\"og:image\" content=\"https:\/\/scanwell.pl\/wp-content\/uploads\/PM-featured-image.webp\" \/>\n\t<meta property=\"og:image:width\" content=\"2400\" \/>\n\t<meta property=\"og:image:height\" content=\"1256\" \/>\n\t<meta property=\"og:image:type\" content=\"image\/webp\" \/>\n<meta name=\"twitter:card\" content=\"summary_large_image\" \/>\n<script type=\"application\/ld+json\" class=\"yoast-schema-graph\">{\"@context\":\"https:\\\/\\\/schema.org\",\"@graph\":[{\"@type\":\"WebPage\",\"@id\":\"https:\\\/\\\/scanwell.pl\\\/project-management\\\/\",\"url\":\"https:\\\/\\\/scanwell.pl\\\/project-management\\\/\",\"name\":\"Zarz\u0105dzanie projektami\",\"isPartOf\":{\"@id\":\"https:\\\/\\\/scanwell.pl\\\/#website\"},\"primaryImageOfPage\":{\"@id\":\"https:\\\/\\\/scanwell.pl\\\/project-management\\\/#primaryimage\"},\"image\":{\"@id\":\"https:\\\/\\\/scanwell.pl\\\/project-management\\\/#primaryimage\"},\"thumbnailUrl\":\"https:\\\/\\\/scanwell.pl\\\/wp-content\\\/uploads\\\/PM-featured-image.webp\",\"datePublished\":\"2024-04-19T09:59:37+00:00\",\"dateModified\":\"2024-04-27T11:10:27+00:00\",\"description\":\"Realizujemy niezb\u0119dne analizy, formalno\u015bci prawno-projektowe, koordynujemy harmonogramy, zarz\u0105dzamy ryzykiem i przeprowadzamy optymalizacje kosztowe.\",\"breadcrumb\":{\"@id\":\"https:\\\/\\\/scanwell.pl\\\/project-management\\\/#breadcrumb\"},\"inLanguage\":\"en-US\",\"potentialAction\":[{\"@type\":\"ReadAction\",\"target\":[\"https:\\\/\\\/scanwell.pl\\\/project-management\\\/\"]}]},{\"@type\":\"ImageObject\",\"inLanguage\":\"en-US\",\"@id\":\"https:\\\/\\\/scanwell.pl\\\/project-management\\\/#primaryimage\",\"url\":\"https:\\\/\\\/scanwell.pl\\\/wp-content\\\/uploads\\\/PM-featured-image.webp\",\"contentUrl\":\"https:\\\/\\\/scanwell.pl\\\/wp-content\\\/uploads\\\/PM-featured-image.webp\",\"width\":2400,\"height\":1256},{\"@type\":\"BreadcrumbList\",\"@id\":\"https:\\\/\\\/scanwell.pl\\\/project-management\\\/#breadcrumb\",\"itemListElement\":[{\"@type\":\"ListItem\",\"position\":1,\"name\":\"Strona g\u0142\u00f3wna\",\"item\":\"https:\\\/\\\/scanwell.pl\\\/\"},{\"@type\":\"ListItem\",\"position\":2,\"name\":\"Project Management\"}]},{\"@type\":\"WebSite\",\"@id\":\"https:\\\/\\\/scanwell.pl\\\/#website\",\"url\":\"https:\\\/\\\/scanwell.pl\\\/\",\"name\":\"Scanwell\",\"description\":\"Cyfryzacja budynk\u00f3w 2D i 3D\",\"publisher\":{\"@id\":\"https:\\\/\\\/scanwell.pl\\\/#organization\"},\"potentialAction\":[{\"@type\":\"SearchAction\",\"target\":{\"@type\":\"EntryPoint\",\"urlTemplate\":\"https:\\\/\\\/scanwell.pl\\\/?s={search_term_string}\"},\"query-input\":{\"@type\":\"PropertyValueSpecification\",\"valueRequired\":true,\"valueName\":\"search_term_string\"}}],\"inLanguage\":\"en-US\"},{\"@type\":\"Organization\",\"@id\":\"https:\\\/\\\/scanwell.pl\\\/#organization\",\"name\":\"Scanwell\",\"url\":\"https:\\\/\\\/scanwell.pl\\\/\",\"logo\":{\"@type\":\"ImageObject\",\"inLanguage\":\"en-US\",\"@id\":\"https:\\\/\\\/scanwell.pl\\\/#\\\/schema\\\/logo\\\/image\\\/\",\"url\":\"https:\\\/\\\/scanwell.pl\\\/wp-content\\\/uploads\\\/scanwell-icon-footer.svg\",\"contentUrl\":\"https:\\\/\\\/scanwell.pl\\\/wp-content\\\/uploads\\\/scanwell-icon-footer.svg\",\"width\":50,\"height\":52,\"caption\":\"Scanwell\"},\"image\":{\"@id\":\"https:\\\/\\\/scanwell.pl\\\/#\\\/schema\\\/logo\\\/image\\\/\"}}]}<\/script>\n<!-- \/ Yoast SEO plugin. -->","yoast_head_json":{"title":"Zarz\u0105dzanie projektami","description":"Realizujemy niezb\u0119dne analizy, formalno\u015bci prawno-projektowe, koordynujemy harmonogramy, zarz\u0105dzamy ryzykiem i przeprowadzamy optymalizacje kosztowe.","robots":{"index":"index","follow":"follow","max-snippet":"max-snippet:-1","max-image-preview":"max-image-preview:large","max-video-preview":"max-video-preview:-1"},"canonical":"https:\/\/scanwell.pl\/en\/project-management\/","og_locale":"en_US","og_type":"article","og_title":"Zarz\u0105dzanie projektami","og_description":"Realizujemy niezb\u0119dne analizy, formalno\u015bci prawno-projektowe, koordynujemy harmonogramy, zarz\u0105dzamy ryzykiem i przeprowadzamy optymalizacje kosztowe.","og_url":"https:\/\/scanwell.pl\/en\/project-management\/","og_site_name":"Scanwell","article_modified_time":"2024-04-27T11:10:27+00:00","og_image":[{"width":2400,"height":1256,"url":"https:\/\/scanwell.pl\/wp-content\/uploads\/PM-featured-image.webp","type":"image\/webp"}],"twitter_card":"summary_large_image","schema":{"@context":"https:\/\/schema.org","@graph":[{"@type":"WebPage","@id":"https:\/\/scanwell.pl\/project-management\/","url":"https:\/\/scanwell.pl\/project-management\/","name":"Zarz\u0105dzanie projektami","isPartOf":{"@id":"https:\/\/scanwell.pl\/#website"},"primaryImageOfPage":{"@id":"https:\/\/scanwell.pl\/project-management\/#primaryimage"},"image":{"@id":"https:\/\/scanwell.pl\/project-management\/#primaryimage"},"thumbnailUrl":"https:\/\/scanwell.pl\/wp-content\/uploads\/PM-featured-image.webp","datePublished":"2024-04-19T09:59:37+00:00","dateModified":"2024-04-27T11:10:27+00:00","description":"Realizujemy niezb\u0119dne analizy, formalno\u015bci prawno-projektowe, koordynujemy harmonogramy, zarz\u0105dzamy ryzykiem i przeprowadzamy optymalizacje kosztowe.","breadcrumb":{"@id":"https:\/\/scanwell.pl\/project-management\/#breadcrumb"},"inLanguage":"en-US","potentialAction":[{"@type":"ReadAction","target":["https:\/\/scanwell.pl\/project-management\/"]}]},{"@type":"ImageObject","inLanguage":"en-US","@id":"https:\/\/scanwell.pl\/project-management\/#primaryimage","url":"https:\/\/scanwell.pl\/wp-content\/uploads\/PM-featured-image.webp","contentUrl":"https:\/\/scanwell.pl\/wp-content\/uploads\/PM-featured-image.webp","width":2400,"height":1256},{"@type":"BreadcrumbList","@id":"https:\/\/scanwell.pl\/project-management\/#breadcrumb","itemListElement":[{"@type":"ListItem","position":1,"name":"Strona g\u0142\u00f3wna","item":"https:\/\/scanwell.pl\/"},{"@type":"ListItem","position":2,"name":"Project Management"}]},{"@type":"WebSite","@id":"https:\/\/scanwell.pl\/#website","url":"https:\/\/scanwell.pl\/","name":"Scanwell","description":"Cyfryzacja budynk\u00f3w 2D i 3D","publisher":{"@id":"https:\/\/scanwell.pl\/#organization"},"potentialAction":[{"@type":"SearchAction","target":{"@type":"EntryPoint","urlTemplate":"https:\/\/scanwell.pl\/?s={search_term_string}"},"query-input":{"@type":"PropertyValueSpecification","valueRequired":true,"valueName":"search_term_string"}}],"inLanguage":"en-US"},{"@type":"Organization","@id":"https:\/\/scanwell.pl\/#organization","name":"Scanwell","url":"https:\/\/scanwell.pl\/","logo":{"@type":"ImageObject","inLanguage":"en-US","@id":"https:\/\/scanwell.pl\/#\/schema\/logo\/image\/","url":"https:\/\/scanwell.pl\/wp-content\/uploads\/scanwell-icon-footer.svg","contentUrl":"https:\/\/scanwell.pl\/wp-content\/uploads\/scanwell-icon-footer.svg","width":50,"height":52,"caption":"Scanwell"},"image":{"@id":"https:\/\/scanwell.pl\/#\/schema\/logo\/image\/"}}]}},"_links":{"self":[{"href":"https:\/\/scanwell.pl\/en\/wp-json\/wp\/v2\/pages\/251","targetHints":{"allow":["GET"]}}],"collection":[{"href":"https:\/\/scanwell.pl\/en\/wp-json\/wp\/v2\/pages"}],"about":[{"href":"https:\/\/scanwell.pl\/en\/wp-json\/wp\/v2\/types\/page"}],"author":[{"embeddable":true,"href":"https:\/\/scanwell.pl\/en\/wp-json\/wp\/v2\/users\/1"}],"replies":[{"embeddable":true,"href":"https:\/\/scanwell.pl\/en\/wp-json\/wp\/v2\/comments?post=251"}],"version-history":[{"count":19,"href":"https:\/\/scanwell.pl\/en\/wp-json\/wp\/v2\/pages\/251\/revisions"}],"predecessor-version":[{"id":1006,"href":"https:\/\/scanwell.pl\/en\/wp-json\/wp\/v2\/pages\/251\/revisions\/1006"}],"wp:featuredmedia":[{"embeddable":true,"href":"https:\/\/scanwell.pl\/en\/wp-json\/wp\/v2\/media\/534"}],"wp:attachment":[{"href":"https:\/\/scanwell.pl\/en\/wp-json\/wp\/v2\/media?parent=251"}],"curies":[{"name":"wp","href":"https:\/\/api.w.org\/{rel}","templated":true}]}}