{"id":249,"date":"2024-04-19T11:59:20","date_gmt":"2024-04-19T09:59:20","guid":{"rendered":"https:\/\/scanwell.astrotea.pl\/?page_id=249"},"modified":"2024-04-27T13:08:50","modified_gmt":"2024-04-27T11:08:50","slug":"esg-management","status":"publish","type":"page","link":"https:\/\/scanwell.pl\/en\/esg-management\/","title":{"rendered":"ESG Management"},"content":{"rendered":"<div data-elementor-type=\"wp-page\" data-elementor-id=\"249\" class=\"elementor elementor-249\" data-elementor-post-type=\"page\">\n\t\t\t\t<div class=\"elementor-element elementor-element-dac6f70 kont-64x64 e-flex e-con-boxed e-con e-parent\" data-id=\"dac6f70\" data-element_type=\"container\" data-e-type=\"container\">\n\t\t\t\t\t<div class=\"e-con-inner\">\n\t\t\t\t<div class=\"elementor-element elementor-element-70b5662 elementor-widget elementor-widget-heading\" data-id=\"70b5662\" data-element_type=\"widget\" data-e-type=\"widget\" data-widget_type=\"heading.default\">\n\t\t\t\t<div class=\"elementor-widget-container\">\n\t\t\t\t\t<h2 class=\"elementor-heading-title elementor-size-default\">SUSTAINABILITY<\/h2>\t\t\t\t<\/div>\n\t\t\t\t<\/div>\n\t\t\t\t<div class=\"elementor-element elementor-element-5ef373e elementor-widget elementor-widget-heading\" data-id=\"5ef373e\" data-element_type=\"widget\" data-e-type=\"widget\" data-widget_type=\"heading.default\">\n\t\t\t\t<div class=\"elementor-widget-container\">\n\t\t\t\t\t<h1 class=\"elementor-heading-title elementor-size-default\">ESG Management<\/h1>\t\t\t\t<\/div>\n\t\t\t\t<\/div>\n\t\t\t\t<div class=\"elementor-element elementor-element-0dcb7c4 elementor-widget__width-initial elementor-widget elementor-widget-text-editor\" data-id=\"0dcb7c4\" data-element_type=\"widget\" data-e-type=\"widget\" data-widget_type=\"text-editor.default\">\n\t\t\t\t<div class=\"elementor-widget-container\">\n\t\t\t\t\t\t\t\t\t<p>At scanwell, we support projects and companies in achieving goals in line with the principles of social responsibility, sustainability and business efficiency - throughout the project life cycle.<\/p><p>We offer 3 solutions that address the main needs of our customers:<\/p>\t\t\t\t\t\t\t\t<\/div>\n\t\t\t\t<\/div>\n\t\t<div class=\"elementor-element elementor-element-0e618cb e-flex e-con-boxed e-con e-child\" data-id=\"0e618cb\" data-element_type=\"container\" data-e-type=\"container\">\n\t\t\t\t\t<div class=\"e-con-inner\">\n\t\t<div class=\"elementor-element elementor-element-2af4de5 e-con-full box-40x40 e-flex e-con e-child\" data-id=\"2af4de5\" data-element_type=\"container\" data-e-type=\"container\">\n\t\t\t\t<div class=\"elementor-element elementor-element-6ee4b49 elementor-widget__width-initial elementor-view-default elementor-invisible elementor-widget elementor-widget-icon\" data-id=\"6ee4b49\" data-element_type=\"widget\" data-e-type=\"widget\" data-settings=\"{&quot;_animation&quot;:&quot;zoomIn&quot;}\" data-widget_type=\"icon.default\">\n\t\t\t\t<div class=\"elementor-widget-container\">\n\t\t\t\t\t\t\t<div class=\"elementor-icon-wrapper\">\n\t\t\t<div class=\"elementor-icon\">\n\t\t\t<svg xmlns=\"http:\/\/www.w3.org\/2000\/svg\" width=\"60\" height=\"70\" viewbox=\"0 0 60 70\" fill=\"none\"><path fill-rule=\"evenodd\" clip-rule=\"evenodd\" d=\"M60 17.3205L30 0L0 17.3205V51.9615L30 69.282L60 51.9615V17.3205ZM57.75 17.7535L30 1.73205L2.25 17.7535L30 33.775L57.75 17.7535ZM29.25 35.074L1.5 19.0526V51.0955L29.25 67.117V35.074ZM30.75 67.117V35.074L58.5 19.0526V51.0955L30.75 67.117ZM23.25 56.2916C23.25 56.5596 23.107 56.8072 22.875 56.9412C22.643 57.0751 22.357 57.0751 22.125 56.9412L7.125 48.2809C6.89295 48.1469 6.75 47.8993 6.75 47.6314V30.3109C6.75 30.0429 6.89295 29.7953 7.125 29.6614C7.35705 29.5274 7.64295 29.5274 7.875 29.6614L22.875 38.3216C23.107 38.4556 23.25 38.7032 23.25 38.9711V56.2916ZM36.75 38.9711C36.75 38.7032 36.8929 38.4556 37.125 38.3216L52.125 29.6614C52.3571 29.5274 52.6429 29.5274 52.875 29.6614C53.1071 29.7953 53.25 30.0429 53.25 30.3109V47.6314C53.25 47.8993 53.1071 48.1469 52.875 48.2809L37.875 56.9412C37.6429 57.0751 37.3571 57.0751 37.125 56.9412C36.8929 56.8072 36.75 56.5596 36.75 56.2916V38.9711ZM30.375 26.6303C30.143 26.7643 29.8571 26.7643 29.625 26.6303L14.625 17.97C14.393 17.8361 14.25 17.5885 14.25 17.3205C14.25 17.0526 14.393 16.805 14.625 16.671L29.625 8.01073C29.857 7.87676 30.143 7.87676 30.375 8.01073L45.375 16.671C45.6071 16.805 45.75 17.0526 45.75 17.3205C45.75 17.5885 45.6071 17.8361 45.375 17.97L30.375 26.6303ZM21.75 39.4042L8.25 31.6099V47.1984L21.75 54.9926V39.4042ZM38.25 39.4042V54.9926L51.75 47.1984V31.6099L38.25 39.4042ZM43.5 17.3205L30 25.1147L16.5 17.3205L30 9.52628L43.5 17.3205Z\" fill=\"#3333FF\"><\/path><\/svg>\t\t\t<\/div>\n\t\t<\/div>\n\t\t\t\t\t\t<\/div>\n\t\t\t\t<\/div>\n\t\t\t\t<div class=\"elementor-element elementor-element-7d63707 elementor-widget__width-initial elementor-widget elementor-widget-heading\" data-id=\"7d63707\" data-element_type=\"widget\" data-e-type=\"widget\" data-widget_type=\"heading.default\">\n\t\t\t\t<div class=\"elementor-widget-container\">\n\t\t\t\t\t<h3 class=\"elementor-heading-title elementor-size-default\">ESG Audit and Risk Assessment<\/h3>\t\t\t\t<\/div>\n\t\t\t\t<\/div>\n\t\t\t\t<div class=\"elementor-element elementor-element-9365e10 elementor-widget elementor-widget-text-editor\" data-id=\"9365e10\" data-element_type=\"widget\" data-e-type=\"widget\" data-widget_type=\"text-editor.default\">\n\t\t\t\t<div class=\"elementor-widget-container\">\n\t\t\t\t\t\t\t\t\t<p>We conduct comprehensive ESG audits, identifying areas of risk and determining corrective actions.<\/p><p>Our approach allows companies to effectively manage environmental, social and corporate governance aspects.<\/p>\t\t\t\t\t\t\t\t<\/div>\n\t\t\t\t<\/div>\n\t\t\t\t<\/div>\n\t\t<div class=\"elementor-element elementor-element-0b7c5bc e-con-full box-40x40 e-flex e-con e-child\" data-id=\"0b7c5bc\" data-element_type=\"container\" data-e-type=\"container\">\n\t\t\t\t<div class=\"elementor-element elementor-element-36179d5 elementor-widget__width-initial elementor-view-default elementor-invisible elementor-widget elementor-widget-icon\" data-id=\"36179d5\" data-element_type=\"widget\" data-e-type=\"widget\" data-settings=\"{&quot;_animation&quot;:&quot;zoomIn&quot;}\" data-widget_type=\"icon.default\">\n\t\t\t\t<div class=\"elementor-widget-container\">\n\t\t\t\t\t\t\t<div class=\"elementor-icon-wrapper\">\n\t\t\t<div class=\"elementor-icon\">\n\t\t\t<svg xmlns=\"http:\/\/www.w3.org\/2000\/svg\" width=\"60\" height=\"70\" viewbox=\"0 0 60 70\" fill=\"none\"><path fill-rule=\"evenodd\" clip-rule=\"evenodd\" d=\"M0 17.3205L30 0L60 17.3205V51.9615L30 69.282L0 51.9615V17.3205ZM30.75 2.16506L57.6995 17.7243L46.0184 24.1158L30.75 14.8972V2.16506ZM30 16.1966L45.25 25.404V43.878L30 53.0854L14.75 43.878V25.404L30 16.1966ZM30.75 54.3848L46.0184 45.1663L57.6995 51.5577L30.75 67.117V54.3848ZM58.5 18.9962V50.2859L46.75 43.8567V25.4253L58.5 18.9962ZM29.25 54.3848V67.117L2.30054 51.5577L13.9816 45.1663L29.25 54.3848ZM13.25 43.8567L1.5 50.2859V18.9962L13.25 25.4253V43.8567ZM13.9816 24.1158L2.30054 17.7243L29.25 2.16506V14.8972L13.9816 24.1158ZM30 22.5166L40.5 28.5788V40.7031L30 46.7653L19.5 40.7031V28.5788L30 22.5166ZM30 24.2487L38.25 29.0118L30 33.7749L21.75 29.0118L30 24.2487ZM21 30.3108L29.25 35.074V44.6003L21 39.8371V30.3108ZM30.75 35.074V44.6003L39 39.8371V30.3108L30.75 35.074Z\" fill=\"#3333FF\"><\/path><\/svg>\t\t\t<\/div>\n\t\t<\/div>\n\t\t\t\t\t\t<\/div>\n\t\t\t\t<\/div>\n\t\t\t\t<div class=\"elementor-element elementor-element-2c5bf62 elementor-widget elementor-widget-heading\" data-id=\"2c5bf62\" data-element_type=\"widget\" data-e-type=\"widget\" data-widget_type=\"heading.default\">\n\t\t\t\t<div class=\"elementor-widget-container\">\n\t\t\t\t\t<h3 class=\"elementor-heading-title elementor-size-default\">Implementation of ESG Standards<\/h3>\t\t\t\t<\/div>\n\t\t\t\t<\/div>\n\t\t\t\t<div class=\"elementor-element elementor-element-f019c9d elementor-widget elementor-widget-text-editor\" data-id=\"f019c9d\" data-element_type=\"widget\" data-e-type=\"widget\" data-widget_type=\"text-editor.default\">\n\t\t\t\t<div class=\"elementor-widget-container\">\n\t\t\t\t\t\t\t\t\t<p>We support the implementation of ESG standards. We help you comply with international standards and regulations.<\/p><p>Our solutions include strategic planning, employee training and operational process alignment.<\/p>\t\t\t\t\t\t\t\t<\/div>\n\t\t\t\t<\/div>\n\t\t\t\t<\/div>\n\t\t<div class=\"elementor-element elementor-element-0dc393a e-con-full box-40x40 e-flex e-con e-child\" data-id=\"0dc393a\" data-element_type=\"container\" data-e-type=\"container\">\n\t\t\t\t<div class=\"elementor-element elementor-element-55cb5d5 elementor-widget__width-initial elementor-view-default elementor-invisible elementor-widget elementor-widget-icon\" data-id=\"55cb5d5\" data-element_type=\"widget\" data-e-type=\"widget\" data-settings=\"{&quot;_animation&quot;:&quot;zoomIn&quot;}\" data-widget_type=\"icon.default\">\n\t\t\t\t<div class=\"elementor-widget-container\">\n\t\t\t\t\t\t\t<div class=\"elementor-icon-wrapper\">\n\t\t\t<div class=\"elementor-icon\">\n\t\t\t<svg xmlns=\"http:\/\/www.w3.org\/2000\/svg\" width=\"61\" height=\"70\" viewbox=\"0 0 61 70\" fill=\"none\"><path fill-rule=\"evenodd\" clip-rule=\"evenodd\" d=\"M60.6658 17.6025L30.6658 0.281982L0.665771 17.6025V52.2435L30.6658 69.564L60.6658 52.2435V17.6025ZM58.341 17.9924L30.6658 2.01403L2.99051 17.9924L30.6658 32.7525L58.341 17.9924ZM2.16577 19.2525V26.2627L30.6658 42.7172L59.1658 26.2627V19.2525L31.0187 34.2643C30.7981 34.382 30.5334 34.382 30.3128 34.2643L2.16577 19.2525ZM59.1658 27.9948L31.0408 44.2328C30.8087 44.3667 30.5228 44.3667 30.2908 44.2328L2.16577 27.9948V34.923L30.6658 51.3775L59.1658 34.923V27.9948ZM59.1658 36.655L31.0408 52.893C30.8087 53.027 30.5228 53.027 30.2908 52.893L2.16577 36.655V43.5833L30.6658 60.0377L59.1658 43.5833V36.655ZM59.1658 45.3153L31.0408 61.5533C30.8087 61.6873 30.5228 61.6873 30.2908 61.5533L2.16577 45.3153V51.3775L30.6658 67.832L59.1658 51.3775V45.3153Z\" fill=\"#3333FF\"><\/path><\/svg>\t\t\t<\/div>\n\t\t<\/div>\n\t\t\t\t\t\t<\/div>\n\t\t\t\t<\/div>\n\t\t\t\t<div class=\"elementor-element elementor-element-78c6ca4 elementor-widget elementor-widget-heading\" data-id=\"78c6ca4\" data-element_type=\"widget\" data-e-type=\"widget\" data-widget_type=\"heading.default\">\n\t\t\t\t<div class=\"elementor-widget-container\">\n\t\t\t\t\t<h3 class=\"elementor-heading-title elementor-size-default\">ESG reporting, monitoring and communication<\/h3>\t\t\t\t<\/div>\n\t\t\t\t<\/div>\n\t\t\t\t<div class=\"elementor-element elementor-element-d1622bf elementor-widget elementor-widget-text-editor\" data-id=\"d1622bf\" data-element_type=\"widget\" data-e-type=\"widget\" data-widget_type=\"text-editor.default\">\n\t\t\t\t<div class=\"elementor-widget-container\">\n\t\t\t\t\t\t\t\t\t<p>We offer comprehensive support in monitoring and preparing ESG reports, as well as in building an effective communications strategy.<\/p>\t\t\t\t\t\t\t\t<\/div>\n\t\t\t\t<\/div>\n\t\t\t\t<\/div>\n\t\t\t\t\t<\/div>\n\t\t\t\t<\/div>\n\t\t\t\t\t<\/div>\n\t\t\t\t<\/div>\n\t\t\t\t<\/div>","protected":false},"excerpt":{"rendered":"<p>ZR\u00d3WNOWA\u017bONY ROZW\u00d3J ESG Management W scanwell wspieramy projekty i przedsi\u0119biorstwa w osi\u0105ganiu cel\u00f3w zgodnych z zasadami odpowiedzialno\u015bci spo\u0142ecznej, zr\u00f3wnowa\u017conego rozwoju oraz efektywno\u015bci biznesowej &#8211; przez ca\u0142y cykl \u017cycia projektu. Oferujemy 3 rozwi\u0105zania, kt\u00f3re odpowiadaj\u0105 na g\u0142\u00f3wne potrzeby naszych klient\u00f3w: ESG Audyt i Ocena Ryzyka Przeprowadzamy kompleksowe audyty ESG, identyfikuj\u0105c obszary ryzyka i okre\u015blaj\u0105c dzia\u0142ania naprawcze. [&hellip;]<\/p>","protected":false},"author":1,"featured_media":530,"parent":0,"menu_order":5,"comment_status":"closed","ping_status":"closed","template":"","meta":{"_acf_changed":false,"footnotes":""},"class_list":["post-249","page","type-page","status-publish","has-post-thumbnail","hentry"],"acf":[],"yoast_head":"<!-- This site is optimized with the Yoast SEO plugin v27.4 - https:\/\/yoast.com\/product\/yoast-seo-wordpress\/ -->\n<title>Zarz\u0105dzanie Projektami ESG<\/title>\n<meta name=\"description\" content=\"W scanwell wspieramy projekty i firmy w osi\u0105ganiu cel\u00f3w zgodnych z zasadami odpowiedzialno\u015bci spo\u0142ecznej, ESG i efektywno\u015bci biznesowej. Sprawd\u017a &gt;\" \/>\n<meta name=\"robots\" content=\"index, follow, max-snippet:-1, max-image-preview:large, max-video-preview:-1\" \/>\n<link rel=\"canonical\" href=\"https:\/\/scanwell.pl\/en\/esg-management\/\" \/>\n<meta property=\"og:locale\" content=\"en_US\" \/>\n<meta property=\"og:type\" content=\"article\" \/>\n<meta property=\"og:title\" content=\"Zarz\u0105dzanie Projektami ESG\" \/>\n<meta property=\"og:description\" content=\"W scanwell wspieramy projekty i firmy w osi\u0105ganiu cel\u00f3w zgodnych z zasadami odpowiedzialno\u015bci spo\u0142ecznej, ESG i efektywno\u015bci biznesowej. Sprawd\u017a &gt;\" \/>\n<meta property=\"og:url\" content=\"https:\/\/scanwell.pl\/en\/esg-management\/\" \/>\n<meta property=\"og:site_name\" content=\"Scanwell\" \/>\n<meta property=\"article:modified_time\" content=\"2024-04-27T11:08:50+00:00\" \/>\n<meta property=\"og:image\" content=\"https:\/\/scanwell.pl\/wp-content\/uploads\/ESG-featured-image.webp\" \/>\n\t<meta property=\"og:image:width\" content=\"2400\" \/>\n\t<meta property=\"og:image:height\" content=\"1256\" \/>\n\t<meta property=\"og:image:type\" content=\"image\/webp\" \/>\n<meta name=\"twitter:card\" content=\"summary_large_image\" \/>\n<script type=\"application\/ld+json\" class=\"yoast-schema-graph\">{\"@context\":\"https:\\\/\\\/schema.org\",\"@graph\":[{\"@type\":\"WebPage\",\"@id\":\"https:\\\/\\\/scanwell.pl\\\/esg-management\\\/\",\"url\":\"https:\\\/\\\/scanwell.pl\\\/esg-management\\\/\",\"name\":\"Zarz\u0105dzanie Projektami ESG\",\"isPartOf\":{\"@id\":\"https:\\\/\\\/scanwell.pl\\\/#website\"},\"primaryImageOfPage\":{\"@id\":\"https:\\\/\\\/scanwell.pl\\\/esg-management\\\/#primaryimage\"},\"image\":{\"@id\":\"https:\\\/\\\/scanwell.pl\\\/esg-management\\\/#primaryimage\"},\"thumbnailUrl\":\"https:\\\/\\\/scanwell.pl\\\/wp-content\\\/uploads\\\/ESG-featured-image.webp\",\"datePublished\":\"2024-04-19T09:59:20+00:00\",\"dateModified\":\"2024-04-27T11:08:50+00:00\",\"description\":\"W scanwell wspieramy projekty i firmy w osi\u0105ganiu cel\u00f3w zgodnych z zasadami odpowiedzialno\u015bci spo\u0142ecznej, ESG i efektywno\u015bci biznesowej. Sprawd\u017a >\",\"breadcrumb\":{\"@id\":\"https:\\\/\\\/scanwell.pl\\\/esg-management\\\/#breadcrumb\"},\"inLanguage\":\"en-US\",\"potentialAction\":[{\"@type\":\"ReadAction\",\"target\":[\"https:\\\/\\\/scanwell.pl\\\/esg-management\\\/\"]}]},{\"@type\":\"ImageObject\",\"inLanguage\":\"en-US\",\"@id\":\"https:\\\/\\\/scanwell.pl\\\/esg-management\\\/#primaryimage\",\"url\":\"https:\\\/\\\/scanwell.pl\\\/wp-content\\\/uploads\\\/ESG-featured-image.webp\",\"contentUrl\":\"https:\\\/\\\/scanwell.pl\\\/wp-content\\\/uploads\\\/ESG-featured-image.webp\",\"width\":2400,\"height\":1256},{\"@type\":\"BreadcrumbList\",\"@id\":\"https:\\\/\\\/scanwell.pl\\\/esg-management\\\/#breadcrumb\",\"itemListElement\":[{\"@type\":\"ListItem\",\"position\":1,\"name\":\"Strona g\u0142\u00f3wna\",\"item\":\"https:\\\/\\\/scanwell.pl\\\/\"},{\"@type\":\"ListItem\",\"position\":2,\"name\":\"ESG Management\"}]},{\"@type\":\"WebSite\",\"@id\":\"https:\\\/\\\/scanwell.pl\\\/#website\",\"url\":\"https:\\\/\\\/scanwell.pl\\\/\",\"name\":\"Scanwell\",\"description\":\"Cyfryzacja budynk\u00f3w 2D i 3D\",\"publisher\":{\"@id\":\"https:\\\/\\\/scanwell.pl\\\/#organization\"},\"potentialAction\":[{\"@type\":\"SearchAction\",\"target\":{\"@type\":\"EntryPoint\",\"urlTemplate\":\"https:\\\/\\\/scanwell.pl\\\/?s={search_term_string}\"},\"query-input\":{\"@type\":\"PropertyValueSpecification\",\"valueRequired\":true,\"valueName\":\"search_term_string\"}}],\"inLanguage\":\"en-US\"},{\"@type\":\"Organization\",\"@id\":\"https:\\\/\\\/scanwell.pl\\\/#organization\",\"name\":\"Scanwell\",\"url\":\"https:\\\/\\\/scanwell.pl\\\/\",\"logo\":{\"@type\":\"ImageObject\",\"inLanguage\":\"en-US\",\"@id\":\"https:\\\/\\\/scanwell.pl\\\/#\\\/schema\\\/logo\\\/image\\\/\",\"url\":\"https:\\\/\\\/scanwell.pl\\\/wp-content\\\/uploads\\\/scanwell-icon-footer.svg\",\"contentUrl\":\"https:\\\/\\\/scanwell.pl\\\/wp-content\\\/uploads\\\/scanwell-icon-footer.svg\",\"width\":50,\"height\":52,\"caption\":\"Scanwell\"},\"image\":{\"@id\":\"https:\\\/\\\/scanwell.pl\\\/#\\\/schema\\\/logo\\\/image\\\/\"}}]}<\/script>\n<!-- \/ Yoast SEO plugin. -->","yoast_head_json":{"title":"Zarz\u0105dzanie Projektami ESG","description":"W scanwell wspieramy projekty i firmy w osi\u0105ganiu cel\u00f3w zgodnych z zasadami odpowiedzialno\u015bci spo\u0142ecznej, ESG i efektywno\u015bci biznesowej. Sprawd\u017a >","robots":{"index":"index","follow":"follow","max-snippet":"max-snippet:-1","max-image-preview":"max-image-preview:large","max-video-preview":"max-video-preview:-1"},"canonical":"https:\/\/scanwell.pl\/en\/esg-management\/","og_locale":"en_US","og_type":"article","og_title":"Zarz\u0105dzanie Projektami ESG","og_description":"W scanwell wspieramy projekty i firmy w osi\u0105ganiu cel\u00f3w zgodnych z zasadami odpowiedzialno\u015bci spo\u0142ecznej, ESG i efektywno\u015bci biznesowej. Sprawd\u017a >","og_url":"https:\/\/scanwell.pl\/en\/esg-management\/","og_site_name":"Scanwell","article_modified_time":"2024-04-27T11:08:50+00:00","og_image":[{"width":2400,"height":1256,"url":"https:\/\/scanwell.pl\/wp-content\/uploads\/ESG-featured-image.webp","type":"image\/webp"}],"twitter_card":"summary_large_image","schema":{"@context":"https:\/\/schema.org","@graph":[{"@type":"WebPage","@id":"https:\/\/scanwell.pl\/esg-management\/","url":"https:\/\/scanwell.pl\/esg-management\/","name":"Zarz\u0105dzanie Projektami ESG","isPartOf":{"@id":"https:\/\/scanwell.pl\/#website"},"primaryImageOfPage":{"@id":"https:\/\/scanwell.pl\/esg-management\/#primaryimage"},"image":{"@id":"https:\/\/scanwell.pl\/esg-management\/#primaryimage"},"thumbnailUrl":"https:\/\/scanwell.pl\/wp-content\/uploads\/ESG-featured-image.webp","datePublished":"2024-04-19T09:59:20+00:00","dateModified":"2024-04-27T11:08:50+00:00","description":"W scanwell wspieramy projekty i firmy w osi\u0105ganiu cel\u00f3w zgodnych z zasadami odpowiedzialno\u015bci spo\u0142ecznej, ESG i efektywno\u015bci biznesowej. Sprawd\u017a >","breadcrumb":{"@id":"https:\/\/scanwell.pl\/esg-management\/#breadcrumb"},"inLanguage":"en-US","potentialAction":[{"@type":"ReadAction","target":["https:\/\/scanwell.pl\/esg-management\/"]}]},{"@type":"ImageObject","inLanguage":"en-US","@id":"https:\/\/scanwell.pl\/esg-management\/#primaryimage","url":"https:\/\/scanwell.pl\/wp-content\/uploads\/ESG-featured-image.webp","contentUrl":"https:\/\/scanwell.pl\/wp-content\/uploads\/ESG-featured-image.webp","width":2400,"height":1256},{"@type":"BreadcrumbList","@id":"https:\/\/scanwell.pl\/esg-management\/#breadcrumb","itemListElement":[{"@type":"ListItem","position":1,"name":"Strona g\u0142\u00f3wna","item":"https:\/\/scanwell.pl\/"},{"@type":"ListItem","position":2,"name":"ESG Management"}]},{"@type":"WebSite","@id":"https:\/\/scanwell.pl\/#website","url":"https:\/\/scanwell.pl\/","name":"Scanwell","description":"Cyfryzacja budynk\u00f3w 2D i 3D","publisher":{"@id":"https:\/\/scanwell.pl\/#organization"},"potentialAction":[{"@type":"SearchAction","target":{"@type":"EntryPoint","urlTemplate":"https:\/\/scanwell.pl\/?s={search_term_string}"},"query-input":{"@type":"PropertyValueSpecification","valueRequired":true,"valueName":"search_term_string"}}],"inLanguage":"en-US"},{"@type":"Organization","@id":"https:\/\/scanwell.pl\/#organization","name":"Scanwell","url":"https:\/\/scanwell.pl\/","logo":{"@type":"ImageObject","inLanguage":"en-US","@id":"https:\/\/scanwell.pl\/#\/schema\/logo\/image\/","url":"https:\/\/scanwell.pl\/wp-content\/uploads\/scanwell-icon-footer.svg","contentUrl":"https:\/\/scanwell.pl\/wp-content\/uploads\/scanwell-icon-footer.svg","width":50,"height":52,"caption":"Scanwell"},"image":{"@id":"https:\/\/scanwell.pl\/#\/schema\/logo\/image\/"}}]}},"_links":{"self":[{"href":"https:\/\/scanwell.pl\/en\/wp-json\/wp\/v2\/pages\/249","targetHints":{"allow":["GET"]}}],"collection":[{"href":"https:\/\/scanwell.pl\/en\/wp-json\/wp\/v2\/pages"}],"about":[{"href":"https:\/\/scanwell.pl\/en\/wp-json\/wp\/v2\/types\/page"}],"author":[{"embeddable":true,"href":"https:\/\/scanwell.pl\/en\/wp-json\/wp\/v2\/users\/1"}],"replies":[{"embeddable":true,"href":"https:\/\/scanwell.pl\/en\/wp-json\/wp\/v2\/comments?post=249"}],"version-history":[{"count":25,"href":"https:\/\/scanwell.pl\/en\/wp-json\/wp\/v2\/pages\/249\/revisions"}],"predecessor-version":[{"id":1003,"href":"https:\/\/scanwell.pl\/en\/wp-json\/wp\/v2\/pages\/249\/revisions\/1003"}],"wp:featuredmedia":[{"embeddable":true,"href":"https:\/\/scanwell.pl\/en\/wp-json\/wp\/v2\/media\/530"}],"wp:attachment":[{"href":"https:\/\/scanwell.pl\/en\/wp-json\/wp\/v2\/media?parent=249"}],"curies":[{"name":"wp","href":"https:\/\/api.w.org\/{rel}","templated":true}]}}